{"id":6705,"date":"2025-11-19T01:35:28","date_gmt":"2025-11-19T01:35:28","guid":{"rendered":"https:\/\/topdraw.store\/?post_type=product&#038;p=6705"},"modified":"2025-11-19T02:44:02","modified_gmt":"2025-11-19T02:44:02","slug":"%e3%80%90%e7%be%8e%e7%89%88%e3%80%91pokemon-trading-card-game-mega-lucario-ex-figure-collection","status":"publish","type":"product","link":"https:\/\/topdraw.store\/en\/product\/%e3%80%90%e7%be%8e%e7%89%88%e3%80%91pokemon-trading-card-game-mega-lucario-ex-figure-collection\/","title":{"rendered":"\u3010\u7f8e\u7248\u3011Pokemon Trading Card Game &#8211; Mega lucario ex figure collection"},"content":{"rendered":"<div>Mega Lucario ex is ready to pummel opponents into submission, all while supporting allies by sharing discarded Energy with Benched Pok\u00e9mon. Harness the Aura Pok\u00e9mon\u2019s massive power with a playable foil promo card paired with an oversize promo card and a detailed figure showing off Mega Lucario in action. There\u2019s no shortage of powerful Pok\u00e9mon allies ready to be liberated from booster packs.<\/div>\n<div><\/div>\n<div><\/div>\n<div>The Pok\u00e9mon TCG: Mega Lucario ex Figure Collection includes:<\/div>\n<div><\/div>\n<div>1 etched foil promo card featuring Mega Lucario ex<\/div>\n<div><\/div>\n<div>1 oversize promo card featuring Mega Lucario ex<\/div>\n<div><\/div>\n<div>1 figure featuring Mega Lucario<\/div>\n<div><\/div>\n<div>5 Pok\u00e9mon TCG booster packs<\/div>\n<div><\/div>\n<div>A code card for Pok\u00e9mon TCG Live<\/div>\n<div><\/div>\n<div><\/div>\n<div>The Pok\u00e9mon TCG: Mega Lucario ex Figure Collection will be available on November 7, 2025, at the Pok\u00e9mon Center and where Pok\u00e9mon TCG products are sold.<\/div>","protected":false},"excerpt":{"rendered":"<p>1 etched foil promo card featuring Mega Lucario ex<\/p>\n<p>1 oversize promo card featuring Mega Lucario ex<\/p>\n<p>1 figure featuring Mega Lucario<\/p>\n<p>5 Pok\u00e9mon TCG booster packs<\/p>\n<p>A code card for Pok\u00e9mon TCG Live<\/p>","protected":false},"featured_media":6706,"comment_status":"open","ping_status":"closed","template":"","meta":[],"product_brand":[],"product_cat":[89,81,101],"product_tag":[],"class_list":{"0":"post-6705","1":"product","2":"type-product","3":"status-publish","4":"has-post-thumbnail","6":"product_cat-89","7":"product_cat-81","8":"product_cat-101","10":"first","11":"instock","12":"shipping-taxable","13":"purchasable","14":"product-type-simple"},"_links":{"self":[{"href":"https:\/\/topdraw.store\/en\/wp-json\/wp\/v2\/product\/6705","targetHints":{"allow":["GET"]}}],"collection":[{"href":"https:\/\/topdraw.store\/en\/wp-json\/wp\/v2\/product"}],"about":[{"href":"https:\/\/topdraw.store\/en\/wp-json\/wp\/v2\/types\/product"}],"replies":[{"embeddable":true,"href":"https:\/\/topdraw.store\/en\/wp-json\/wp\/v2\/comments?post=6705"}],"wp:featuredmedia":[{"embeddable":true,"href":"https:\/\/topdraw.store\/en\/wp-json\/wp\/v2\/media\/6706"}],"wp:attachment":[{"href":"https:\/\/topdraw.store\/en\/wp-json\/wp\/v2\/media?parent=6705"}],"wp:term":[{"taxonomy":"product_brand","embeddable":true,"href":"https:\/\/topdraw.store\/en\/wp-json\/wp\/v2\/product_brand?post=6705"},{"taxonomy":"product_cat","embeddable":true,"href":"https:\/\/topdraw.store\/en\/wp-json\/wp\/v2\/product_cat?post=6705"},{"taxonomy":"product_tag","embeddable":true,"href":"https:\/\/topdraw.store\/en\/wp-json\/wp\/v2\/product_tag?post=6705"}],"curies":[{"name":"wp","href":"https:\/\/api.w.org\/{rel}","templated":true}]}}